{"id":2327,"date":"2020-08-23T12:31:17","date_gmt":"2020-08-23T12:31:17","guid":{"rendered":"https:\/\/murmurcottage.hr\/kontaktieren-sie-uns\/"},"modified":"2024-05-24T16:42:36","modified_gmt":"2024-05-24T16:42:36","slug":"kontaktieren-sie-uns","status":"publish","type":"page","link":"https:\/\/murmurcottage.hr\/de\/kontaktieren-sie-uns\/","title":{"rendered":"Kontaktieren Sie uns"},"content":{"rendered":"\t\t<div data-elementor-type=\"wp-page\" data-elementor-id=\"2327\" class=\"elementor elementor-2327 elementor-187\">\n\t\t\t\t\t\t<section class=\"elementor-section elementor-top-section elementor-element elementor-element-efa7d34 elementor-section-boxed elementor-section-height-default elementor-section-height-default\" data-id=\"efa7d34\" data-element_type=\"section\" data-e-type=\"section\" data-settings=\"{&quot;jet_parallax_layout_list&quot;:[{&quot;jet_parallax_layout_image&quot;:{&quot;url&quot;:&quot;&quot;,&quot;id&quot;:&quot;&quot;,&quot;size&quot;:&quot;&quot;},&quot;_id&quot;:&quot;5d81e31&quot;,&quot;jet_parallax_layout_image_tablet&quot;:{&quot;url&quot;:&quot;&quot;,&quot;id&quot;:&quot;&quot;,&quot;size&quot;:&quot;&quot;},&quot;jet_parallax_layout_image_mobile&quot;:{&quot;url&quot;:&quot;&quot;,&quot;id&quot;:&quot;&quot;,&quot;size&quot;:&quot;&quot;},&quot;jet_parallax_layout_speed&quot;:{&quot;unit&quot;:&quot;%&quot;,&quot;size&quot;:50,&quot;sizes&quot;:[]},&quot;jet_parallax_layout_type&quot;:&quot;scroll&quot;,&quot;jet_parallax_layout_direction&quot;:null,&quot;jet_parallax_layout_fx_direction&quot;:null,&quot;jet_parallax_layout_z_index&quot;:&quot;&quot;,&quot;jet_parallax_layout_bg_x&quot;:50,&quot;jet_parallax_layout_bg_x_tablet&quot;:&quot;&quot;,&quot;jet_parallax_layout_bg_x_mobile&quot;:&quot;&quot;,&quot;jet_parallax_layout_bg_y&quot;:50,&quot;jet_parallax_layout_bg_y_tablet&quot;:&quot;&quot;,&quot;jet_parallax_layout_bg_y_mobile&quot;:&quot;&quot;,&quot;jet_parallax_layout_bg_size&quot;:&quot;auto&quot;,&quot;jet_parallax_layout_bg_size_tablet&quot;:&quot;&quot;,&quot;jet_parallax_layout_bg_size_mobile&quot;:&quot;&quot;,&quot;jet_parallax_layout_animation_prop&quot;:&quot;transform&quot;,&quot;jet_parallax_layout_on&quot;:[&quot;desktop&quot;,&quot;tablet&quot;]}]}\">\n\t\t\t\t\t\t<div class=\"elementor-container elementor-column-gap-default\">\n\t\t\t\t\t<div class=\"elementor-column elementor-col-100 elementor-top-column elementor-element elementor-element-49c9679\" data-id=\"49c9679\" data-element_type=\"column\" data-e-type=\"column\">\n\t\t\t<div class=\"elementor-widget-wrap elementor-element-populated\">\n\t\t\t\t\t\t<div class=\"elementor-element elementor-element-f2ed96a elementor-widget elementor-widget-text-editor\" data-id=\"f2ed96a\" data-element_type=\"widget\" data-e-type=\"widget\" data-widget_type=\"text-editor.default\">\n\t\t\t\t<div class=\"elementor-widget-container\">\n\t\t\t\t\t\t\t\t\t<p>Kontaktieren Sie uns<\/p>\n\t\t\t\t\t\t\t\t<\/div>\n\t\t\t\t<\/div>\n\t\t\t\t<div class=\"elementor-element elementor-element-415d13f elementor-widget elementor-widget-heading\" data-id=\"415d13f\" data-element_type=\"widget\" data-e-type=\"widget\" data-widget_type=\"heading.default\">\n\t\t\t\t<div class=\"elementor-widget-container\">\n\t\t\t\t\t<h1 class=\"elementor-heading-title elementor-size-default\">Jetzt anfragen<\/h1>\t\t\t\t<\/div>\n\t\t\t\t<\/div>\n\t\t\t\t<div class=\"elementor-element elementor-element-6244d5a elementor-widget elementor-widget-text-editor\" data-id=\"6244d5a\" data-element_type=\"widget\" data-e-type=\"widget\" data-widget_type=\"text-editor.default\">\n\t\t\t\t<div class=\"elementor-widget-container\">\n\t\t\t\t\t\t\t\t\t<p>Hinterlassen Sie Ihre pers\u00f6nlichen Daten, Ihr Telefon, w\u00e4hlen Sie den gew\u00fcnschten Service und die passende Zeit. Hinterlassen Sie eine Anfrage und pr\u00fcfen Sie die E-Mail.<\/p>\n\t\t\t\t\t\t\t\t<\/div>\n\t\t\t\t<\/div>\n\t\t\t\t\t<\/div>\n\t\t<\/div>\n\t\t\t\t\t<\/div>\n\t\t<\/section>\n\t\t\t\t<section class=\"elementor-section elementor-top-section elementor-element elementor-element-dd6d0bf elementor-section-boxed elementor-section-height-default elementor-section-height-default\" data-id=\"dd6d0bf\" data-element_type=\"section\" data-e-type=\"section\" data-settings=\"{&quot;jet_parallax_layout_list&quot;:[{&quot;jet_parallax_layout_image&quot;:{&quot;url&quot;:&quot;&quot;,&quot;id&quot;:&quot;&quot;,&quot;size&quot;:&quot;&quot;},&quot;_id&quot;:&quot;e93e8aa&quot;,&quot;jet_parallax_layout_image_tablet&quot;:{&quot;url&quot;:&quot;&quot;,&quot;id&quot;:&quot;&quot;,&quot;size&quot;:&quot;&quot;},&quot;jet_parallax_layout_image_mobile&quot;:{&quot;url&quot;:&quot;&quot;,&quot;id&quot;:&quot;&quot;,&quot;size&quot;:&quot;&quot;},&quot;jet_parallax_layout_speed&quot;:{&quot;unit&quot;:&quot;%&quot;,&quot;size&quot;:50,&quot;sizes&quot;:[]},&quot;jet_parallax_layout_type&quot;:&quot;scroll&quot;,&quot;jet_parallax_layout_direction&quot;:null,&quot;jet_parallax_layout_fx_direction&quot;:null,&quot;jet_parallax_layout_z_index&quot;:&quot;&quot;,&quot;jet_parallax_layout_bg_x&quot;:50,&quot;jet_parallax_layout_bg_x_tablet&quot;:&quot;&quot;,&quot;jet_parallax_layout_bg_x_mobile&quot;:&quot;&quot;,&quot;jet_parallax_layout_bg_y&quot;:50,&quot;jet_parallax_layout_bg_y_tablet&quot;:&quot;&quot;,&quot;jet_parallax_layout_bg_y_mobile&quot;:&quot;&quot;,&quot;jet_parallax_layout_bg_size&quot;:&quot;auto&quot;,&quot;jet_parallax_layout_bg_size_tablet&quot;:&quot;&quot;,&quot;jet_parallax_layout_bg_size_mobile&quot;:&quot;&quot;,&quot;jet_parallax_layout_animation_prop&quot;:&quot;transform&quot;,&quot;jet_parallax_layout_on&quot;:[&quot;desktop&quot;,&quot;tablet&quot;]}]}\">\n\t\t\t\t\t\t<div class=\"elementor-container elementor-column-gap-default\">\n\t\t\t\t\t<div class=\"elementor-column elementor-col-100 elementor-top-column elementor-element elementor-element-e0180da\" data-id=\"e0180da\" data-element_type=\"column\" data-e-type=\"column\">\n\t\t\t<div class=\"elementor-widget-wrap elementor-element-populated\">\n\t\t\t\t\t\t<div class=\"jet-satellite-widget elementor-element elementor-element-518fc74 elementor-widget elementor-widget-contact-form-7\" data-jet-tricks-settings=\"{&quot;satellite&quot;:&quot;true&quot;,&quot;satelliteType&quot;:&quot;image&quot;,&quot;satellitePosition&quot;:&quot;bottom-left&quot;}\" data-id=\"518fc74\" data-element_type=\"widget\" data-e-type=\"widget\" data-widget_type=\"contact-form-7.default\">\n\t\t\t\t<div class=\"elementor-widget-container\">\n\t\t\t\t\t<div class=\"jet-tricks-satellite jet-tricks-satellite--bottom-left\"><div class=\"jet-tricks-satellite__inner\"><div class=\"jet-tricks-satellite__image\"><img decoding=\"async\" class=\"jet-tricks-satellite__image-instance\" src=\"https:\/\/ld-wp73.template-help.com\/wordpress\/prod_29701\/v1\/wp-content\/uploads\/2020\/08\/Group-421-3.png\" alt=\"\"><\/div><\/div><\/div><div class=\"elementor-contact-form-7 jet-elements\"><\/div>\t\t\t\t<\/div>\n\t\t\t\t<\/div>\n\t\t\t\t\t<\/div>\n\t\t<\/div>\n\t\t\t\t\t<\/div>\n\t\t<\/section>\n\t\t\t\t<\/div>\n\t\t","protected":false},"excerpt":{"rendered":"<p>Kontaktieren Sie uns Jetzt anfragen Hinterlassen Sie Ihre pers\u00f6nlichen Daten, Ihr Telefon, w\u00e4hlen Sie den gew\u00fcnschten Service und die passende Zeit. Hinterlassen Sie eine Anfrage und pr\u00fcfen Sie die E-Mail. Available dates8\/25\/20208\/26\/20208\/27\/20208\/28\/2020 Select time10:0012:0015:00 By filling in the form, you agree to our Privacy Policy, including our cookie use.<\/p>\n","protected":false},"author":1,"featured_media":0,"parent":0,"menu_order":0,"comment_status":"closed","ping_status":"closed","template":"elementor_header_footer","meta":{"footnotes":""},"class_list":["post-2327","page","type-page","status-publish","hentry"],"yoast_head":"<!-- This site is optimized with the Yoast SEO plugin v27.0 - https:\/\/yoast.com\/product\/yoast-seo-wordpress\/ -->\n<title>Kontaktieren Sie uns - MurMur Cottage<\/title>\n<meta name=\"robots\" content=\"index, follow, max-snippet:-1, max-image-preview:large, max-video-preview:-1\" \/>\n<link rel=\"canonical\" href=\"https:\/\/murmurcottage.hr\/de\/kontaktieren-sie-uns\/\" \/>\n<meta property=\"og:locale\" content=\"de_DE\" \/>\n<meta property=\"og:type\" content=\"article\" \/>\n<meta property=\"og:title\" content=\"Kontaktieren Sie uns - MurMur Cottage\" \/>\n<meta property=\"og:description\" content=\"Kontaktieren Sie uns Jetzt anfragen Hinterlassen Sie Ihre pers\u00f6nlichen Daten, Ihr Telefon, w\u00e4hlen Sie den gew\u00fcnschten Service und die passende Zeit. Hinterlassen Sie eine Anfrage und pr\u00fcfen Sie die E-Mail. Available dates8\/25\/20208\/26\/20208\/27\/20208\/28\/2020 Select time10:0012:0015:00 By filling in the form, you agree to our Privacy Policy, including our cookie use.\" \/>\n<meta property=\"og:url\" content=\"https:\/\/murmurcottage.hr\/de\/kontaktieren-sie-uns\/\" \/>\n<meta property=\"og:site_name\" content=\"MurMur Cottage\" \/>\n<meta property=\"article:publisher\" content=\"https:\/\/www.facebook.com\/p\/Mur-mur-cottage-61553374445609\/\" \/>\n<meta property=\"article:modified_time\" content=\"2024-05-24T16:42:36+00:00\" \/>\n<meta property=\"og:image\" content=\"https:\/\/ld-wp73.template-help.com\/wordpress\/prod_29701\/v1\/wp-content\/uploads\/2020\/08\/Group-421-3.png\" \/>\n<meta name=\"twitter:card\" content=\"summary_large_image\" \/>\n<script type=\"application\/ld+json\" class=\"yoast-schema-graph\">{\"@context\":\"https:\/\/schema.org\",\"@graph\":[{\"@type\":\"WebPage\",\"@id\":\"https:\/\/murmurcottage.hr\/de\/kontaktieren-sie-uns\/\",\"url\":\"https:\/\/murmurcottage.hr\/de\/kontaktieren-sie-uns\/\",\"name\":\"Kontaktieren Sie uns - MurMur Cottage\",\"isPartOf\":{\"@id\":\"https:\/\/murmurcottage.hr\/de\/#website\"},\"primaryImageOfPage\":{\"@id\":\"https:\/\/murmurcottage.hr\/de\/kontaktieren-sie-uns\/#primaryimage\"},\"image\":{\"@id\":\"https:\/\/murmurcottage.hr\/de\/kontaktieren-sie-uns\/#primaryimage\"},\"thumbnailUrl\":\"https:\/\/ld-wp73.template-help.com\/wordpress\/prod_29701\/v1\/wp-content\/uploads\/2020\/08\/Group-421-3.png\",\"datePublished\":\"2020-08-23T12:31:17+00:00\",\"dateModified\":\"2024-05-24T16:42:36+00:00\",\"breadcrumb\":{\"@id\":\"https:\/\/murmurcottage.hr\/de\/kontaktieren-sie-uns\/#breadcrumb\"},\"inLanguage\":\"de\",\"potentialAction\":[{\"@type\":\"ReadAction\",\"target\":[\"https:\/\/murmurcottage.hr\/de\/kontaktieren-sie-uns\/\"]}]},{\"@type\":\"ImageObject\",\"inLanguage\":\"de\",\"@id\":\"https:\/\/murmurcottage.hr\/de\/kontaktieren-sie-uns\/#primaryimage\",\"url\":\"https:\/\/ld-wp73.template-help.com\/wordpress\/prod_29701\/v1\/wp-content\/uploads\/2020\/08\/Group-421-3.png\",\"contentUrl\":\"https:\/\/ld-wp73.template-help.com\/wordpress\/prod_29701\/v1\/wp-content\/uploads\/2020\/08\/Group-421-3.png\"},{\"@type\":\"BreadcrumbList\",\"@id\":\"https:\/\/murmurcottage.hr\/de\/kontaktieren-sie-uns\/#breadcrumb\",\"itemListElement\":[{\"@type\":\"ListItem\",\"position\":1,\"name\":\"Home\",\"item\":\"https:\/\/murmurcottage.hr\/de\/\"},{\"@type\":\"ListItem\",\"position\":2,\"name\":\"Kontaktieren Sie uns\"}]},{\"@type\":\"WebSite\",\"@id\":\"https:\/\/murmurcottage.hr\/de\/#website\",\"url\":\"https:\/\/murmurcottage.hr\/de\/\",\"name\":\"MurMur Cottage - Vacation rental in Ogulin, Croatia\",\"description\":\"\",\"publisher\":{\"@id\":\"https:\/\/murmurcottage.hr\/de\/#organization\"},\"potentialAction\":[{\"@type\":\"SearchAction\",\"target\":{\"@type\":\"EntryPoint\",\"urlTemplate\":\"https:\/\/murmurcottage.hr\/de\/?s={search_term_string}\"},\"query-input\":{\"@type\":\"PropertyValueSpecification\",\"valueRequired\":true,\"valueName\":\"search_term_string\"}}],\"inLanguage\":\"de\"},{\"@type\":\"Organization\",\"@id\":\"https:\/\/murmurcottage.hr\/de\/#organization\",\"name\":\"MurMur Cottage\",\"url\":\"https:\/\/murmurcottage.hr\/de\/\",\"logo\":{\"@type\":\"ImageObject\",\"inLanguage\":\"de\",\"@id\":\"https:\/\/murmurcottage.hr\/de\/#\/schema\/logo\/image\/\",\"url\":\"https:\/\/murmurcottage.hr\/wp-content\/uploads\/2024\/05\/cropped-logo-mur-mur.png\",\"contentUrl\":\"https:\/\/murmurcottage.hr\/wp-content\/uploads\/2024\/05\/cropped-logo-mur-mur.png\",\"width\":794,\"height\":292,\"caption\":\"MurMur Cottage\"},\"image\":{\"@id\":\"https:\/\/murmurcottage.hr\/de\/#\/schema\/logo\/image\/\"},\"sameAs\":[\"https:\/\/www.facebook.com\/p\/Mur-mur-cottage-61553374445609\/\"]}]}<\/script>\n<!-- \/ Yoast SEO plugin. -->","yoast_head_json":{"title":"Kontaktieren Sie uns - MurMur Cottage","robots":{"index":"index","follow":"follow","max-snippet":"max-snippet:-1","max-image-preview":"max-image-preview:large","max-video-preview":"max-video-preview:-1"},"canonical":"https:\/\/murmurcottage.hr\/de\/kontaktieren-sie-uns\/","og_locale":"de_DE","og_type":"article","og_title":"Kontaktieren Sie uns - MurMur Cottage","og_description":"Kontaktieren Sie uns Jetzt anfragen Hinterlassen Sie Ihre pers\u00f6nlichen Daten, Ihr Telefon, w\u00e4hlen Sie den gew\u00fcnschten Service und die passende Zeit. Hinterlassen Sie eine Anfrage und pr\u00fcfen Sie die E-Mail. Available dates8\/25\/20208\/26\/20208\/27\/20208\/28\/2020 Select time10:0012:0015:00 By filling in the form, you agree to our Privacy Policy, including our cookie use.","og_url":"https:\/\/murmurcottage.hr\/de\/kontaktieren-sie-uns\/","og_site_name":"MurMur Cottage","article_publisher":"https:\/\/www.facebook.com\/p\/Mur-mur-cottage-61553374445609\/","article_modified_time":"2024-05-24T16:42:36+00:00","og_image":[{"url":"https:\/\/ld-wp73.template-help.com\/wordpress\/prod_29701\/v1\/wp-content\/uploads\/2020\/08\/Group-421-3.png","type":"","width":"","height":""}],"twitter_card":"summary_large_image","schema":{"@context":"https:\/\/schema.org","@graph":[{"@type":"WebPage","@id":"https:\/\/murmurcottage.hr\/de\/kontaktieren-sie-uns\/","url":"https:\/\/murmurcottage.hr\/de\/kontaktieren-sie-uns\/","name":"Kontaktieren Sie uns - MurMur Cottage","isPartOf":{"@id":"https:\/\/murmurcottage.hr\/de\/#website"},"primaryImageOfPage":{"@id":"https:\/\/murmurcottage.hr\/de\/kontaktieren-sie-uns\/#primaryimage"},"image":{"@id":"https:\/\/murmurcottage.hr\/de\/kontaktieren-sie-uns\/#primaryimage"},"thumbnailUrl":"https:\/\/ld-wp73.template-help.com\/wordpress\/prod_29701\/v1\/wp-content\/uploads\/2020\/08\/Group-421-3.png","datePublished":"2020-08-23T12:31:17+00:00","dateModified":"2024-05-24T16:42:36+00:00","breadcrumb":{"@id":"https:\/\/murmurcottage.hr\/de\/kontaktieren-sie-uns\/#breadcrumb"},"inLanguage":"de","potentialAction":[{"@type":"ReadAction","target":["https:\/\/murmurcottage.hr\/de\/kontaktieren-sie-uns\/"]}]},{"@type":"ImageObject","inLanguage":"de","@id":"https:\/\/murmurcottage.hr\/de\/kontaktieren-sie-uns\/#primaryimage","url":"https:\/\/ld-wp73.template-help.com\/wordpress\/prod_29701\/v1\/wp-content\/uploads\/2020\/08\/Group-421-3.png","contentUrl":"https:\/\/ld-wp73.template-help.com\/wordpress\/prod_29701\/v1\/wp-content\/uploads\/2020\/08\/Group-421-3.png"},{"@type":"BreadcrumbList","@id":"https:\/\/murmurcottage.hr\/de\/kontaktieren-sie-uns\/#breadcrumb","itemListElement":[{"@type":"ListItem","position":1,"name":"Home","item":"https:\/\/murmurcottage.hr\/de\/"},{"@type":"ListItem","position":2,"name":"Kontaktieren Sie uns"}]},{"@type":"WebSite","@id":"https:\/\/murmurcottage.hr\/de\/#website","url":"https:\/\/murmurcottage.hr\/de\/","name":"MurMur Cottage - Vacation rental in Ogulin, Croatia","description":"","publisher":{"@id":"https:\/\/murmurcottage.hr\/de\/#organization"},"potentialAction":[{"@type":"SearchAction","target":{"@type":"EntryPoint","urlTemplate":"https:\/\/murmurcottage.hr\/de\/?s={search_term_string}"},"query-input":{"@type":"PropertyValueSpecification","valueRequired":true,"valueName":"search_term_string"}}],"inLanguage":"de"},{"@type":"Organization","@id":"https:\/\/murmurcottage.hr\/de\/#organization","name":"MurMur Cottage","url":"https:\/\/murmurcottage.hr\/de\/","logo":{"@type":"ImageObject","inLanguage":"de","@id":"https:\/\/murmurcottage.hr\/de\/#\/schema\/logo\/image\/","url":"https:\/\/murmurcottage.hr\/wp-content\/uploads\/2024\/05\/cropped-logo-mur-mur.png","contentUrl":"https:\/\/murmurcottage.hr\/wp-content\/uploads\/2024\/05\/cropped-logo-mur-mur.png","width":794,"height":292,"caption":"MurMur Cottage"},"image":{"@id":"https:\/\/murmurcottage.hr\/de\/#\/schema\/logo\/image\/"},"sameAs":["https:\/\/www.facebook.com\/p\/Mur-mur-cottage-61553374445609\/"]}]}},"_links":{"self":[{"href":"https:\/\/murmurcottage.hr\/de\/wp-json\/wp\/v2\/pages\/2327","targetHints":{"allow":["GET"]}}],"collection":[{"href":"https:\/\/murmurcottage.hr\/de\/wp-json\/wp\/v2\/pages"}],"about":[{"href":"https:\/\/murmurcottage.hr\/de\/wp-json\/wp\/v2\/types\/page"}],"author":[{"embeddable":true,"href":"https:\/\/murmurcottage.hr\/de\/wp-json\/wp\/v2\/users\/1"}],"replies":[{"embeddable":true,"href":"https:\/\/murmurcottage.hr\/de\/wp-json\/wp\/v2\/comments?post=2327"}],"version-history":[{"count":0,"href":"https:\/\/murmurcottage.hr\/de\/wp-json\/wp\/v2\/pages\/2327\/revisions"}],"wp:attachment":[{"href":"https:\/\/murmurcottage.hr\/de\/wp-json\/wp\/v2\/media?parent=2327"}],"curies":[{"name":"wp","href":"https:\/\/api.w.org\/{rel}","templated":true}]}}