{"id":2328,"date":"2020-08-23T12:31:17","date_gmt":"2020-08-23T12:31:17","guid":{"rendered":"https:\/\/murmurcottage.hr\/kontaktirajte-nas\/"},"modified":"2024-05-24T16:42:36","modified_gmt":"2024-05-24T16:42:36","slug":"kontaktirajte-nas","status":"publish","type":"page","link":"https:\/\/murmurcottage.hr\/hr\/kontaktirajte-nas\/","title":{"rendered":"Kontaktirajte nas"},"content":{"rendered":"\t\t<div data-elementor-type=\"wp-page\" data-elementor-id=\"2328\" class=\"elementor elementor-2328 elementor-187\">\n\t\t\t\t\t\t<section class=\"elementor-section elementor-top-section elementor-element elementor-element-efa7d34 elementor-section-boxed elementor-section-height-default elementor-section-height-default\" data-id=\"efa7d34\" data-element_type=\"section\" data-e-type=\"section\" data-settings=\"{&quot;jet_parallax_layout_list&quot;:[{&quot;jet_parallax_layout_image&quot;:{&quot;url&quot;:&quot;&quot;,&quot;id&quot;:&quot;&quot;,&quot;size&quot;:&quot;&quot;},&quot;_id&quot;:&quot;5d81e31&quot;,&quot;jet_parallax_layout_image_tablet&quot;:{&quot;url&quot;:&quot;&quot;,&quot;id&quot;:&quot;&quot;,&quot;size&quot;:&quot;&quot;},&quot;jet_parallax_layout_image_mobile&quot;:{&quot;url&quot;:&quot;&quot;,&quot;id&quot;:&quot;&quot;,&quot;size&quot;:&quot;&quot;},&quot;jet_parallax_layout_speed&quot;:{&quot;unit&quot;:&quot;%&quot;,&quot;size&quot;:50,&quot;sizes&quot;:[]},&quot;jet_parallax_layout_type&quot;:&quot;scroll&quot;,&quot;jet_parallax_layout_direction&quot;:null,&quot;jet_parallax_layout_fx_direction&quot;:null,&quot;jet_parallax_layout_z_index&quot;:&quot;&quot;,&quot;jet_parallax_layout_bg_x&quot;:50,&quot;jet_parallax_layout_bg_x_tablet&quot;:&quot;&quot;,&quot;jet_parallax_layout_bg_x_mobile&quot;:&quot;&quot;,&quot;jet_parallax_layout_bg_y&quot;:50,&quot;jet_parallax_layout_bg_y_tablet&quot;:&quot;&quot;,&quot;jet_parallax_layout_bg_y_mobile&quot;:&quot;&quot;,&quot;jet_parallax_layout_bg_size&quot;:&quot;auto&quot;,&quot;jet_parallax_layout_bg_size_tablet&quot;:&quot;&quot;,&quot;jet_parallax_layout_bg_size_mobile&quot;:&quot;&quot;,&quot;jet_parallax_layout_animation_prop&quot;:&quot;transform&quot;,&quot;jet_parallax_layout_on&quot;:[&quot;desktop&quot;,&quot;tablet&quot;]}]}\">\n\t\t\t\t\t\t<div class=\"elementor-container elementor-column-gap-default\">\n\t\t\t\t\t<div class=\"elementor-column elementor-col-100 elementor-top-column elementor-element elementor-element-49c9679\" data-id=\"49c9679\" data-element_type=\"column\" data-e-type=\"column\">\n\t\t\t<div class=\"elementor-widget-wrap elementor-element-populated\">\n\t\t\t\t\t\t<div class=\"elementor-element elementor-element-f2ed96a elementor-widget elementor-widget-text-editor\" data-id=\"f2ed96a\" data-element_type=\"widget\" data-e-type=\"widget\" data-widget_type=\"text-editor.default\">\n\t\t\t\t<div class=\"elementor-widget-container\">\n\t\t\t\t\t\t\t\t\t<p>Kontaktirajte nas<\/p>\n\t\t\t\t\t\t\t\t<\/div>\n\t\t\t\t<\/div>\n\t\t\t\t<div class=\"elementor-element elementor-element-415d13f elementor-widget elementor-widget-heading\" data-id=\"415d13f\" data-element_type=\"widget\" data-e-type=\"widget\" data-widget_type=\"heading.default\">\n\t\t\t\t<div class=\"elementor-widget-container\">\n\t\t\t\t\t<h1 class=\"elementor-heading-title elementor-size-default\">Zatra\u017eite sada<\/h1>\t\t\t\t<\/div>\n\t\t\t\t<\/div>\n\t\t\t\t<div class=\"elementor-element elementor-element-6244d5a elementor-widget elementor-widget-text-editor\" data-id=\"6244d5a\" data-element_type=\"widget\" data-e-type=\"widget\" data-widget_type=\"text-editor.default\">\n\t\t\t\t<div class=\"elementor-widget-container\">\n\t\t\t\t\t\t\t\t\t<p>Ostavite svoje osobne podatke, telefon, odaberite \u017eeljenu uslugu i pogodno vrijeme. Ostavite zahtjev i provjerite e-po\u0161tu.<\/p>\n\t\t\t\t\t\t\t\t<\/div>\n\t\t\t\t<\/div>\n\t\t\t\t\t<\/div>\n\t\t<\/div>\n\t\t\t\t\t<\/div>\n\t\t<\/section>\n\t\t\t\t<section class=\"elementor-section elementor-top-section elementor-element elementor-element-dd6d0bf elementor-section-boxed elementor-section-height-default elementor-section-height-default\" data-id=\"dd6d0bf\" data-element_type=\"section\" data-e-type=\"section\" data-settings=\"{&quot;jet_parallax_layout_list&quot;:[{&quot;jet_parallax_layout_image&quot;:{&quot;url&quot;:&quot;&quot;,&quot;id&quot;:&quot;&quot;,&quot;size&quot;:&quot;&quot;},&quot;_id&quot;:&quot;e93e8aa&quot;,&quot;jet_parallax_layout_image_tablet&quot;:{&quot;url&quot;:&quot;&quot;,&quot;id&quot;:&quot;&quot;,&quot;size&quot;:&quot;&quot;},&quot;jet_parallax_layout_image_mobile&quot;:{&quot;url&quot;:&quot;&quot;,&quot;id&quot;:&quot;&quot;,&quot;size&quot;:&quot;&quot;},&quot;jet_parallax_layout_speed&quot;:{&quot;unit&quot;:&quot;%&quot;,&quot;size&quot;:50,&quot;sizes&quot;:[]},&quot;jet_parallax_layout_type&quot;:&quot;scroll&quot;,&quot;jet_parallax_layout_direction&quot;:null,&quot;jet_parallax_layout_fx_direction&quot;:null,&quot;jet_parallax_layout_z_index&quot;:&quot;&quot;,&quot;jet_parallax_layout_bg_x&quot;:50,&quot;jet_parallax_layout_bg_x_tablet&quot;:&quot;&quot;,&quot;jet_parallax_layout_bg_x_mobile&quot;:&quot;&quot;,&quot;jet_parallax_layout_bg_y&quot;:50,&quot;jet_parallax_layout_bg_y_tablet&quot;:&quot;&quot;,&quot;jet_parallax_layout_bg_y_mobile&quot;:&quot;&quot;,&quot;jet_parallax_layout_bg_size&quot;:&quot;auto&quot;,&quot;jet_parallax_layout_bg_size_tablet&quot;:&quot;&quot;,&quot;jet_parallax_layout_bg_size_mobile&quot;:&quot;&quot;,&quot;jet_parallax_layout_animation_prop&quot;:&quot;transform&quot;,&quot;jet_parallax_layout_on&quot;:[&quot;desktop&quot;,&quot;tablet&quot;]}]}\">\n\t\t\t\t\t\t<div class=\"elementor-container elementor-column-gap-default\">\n\t\t\t\t\t<div class=\"elementor-column elementor-col-100 elementor-top-column elementor-element elementor-element-e0180da\" data-id=\"e0180da\" data-element_type=\"column\" data-e-type=\"column\">\n\t\t\t<div class=\"elementor-widget-wrap elementor-element-populated\">\n\t\t\t\t\t\t<div class=\"jet-satellite-widget elementor-element elementor-element-518fc74 elementor-widget elementor-widget-contact-form-7\" data-jet-tricks-settings=\"{&quot;satellite&quot;:&quot;true&quot;,&quot;satelliteType&quot;:&quot;image&quot;,&quot;satellitePosition&quot;:&quot;bottom-left&quot;}\" data-id=\"518fc74\" data-element_type=\"widget\" data-e-type=\"widget\" data-widget_type=\"contact-form-7.default\">\n\t\t\t\t<div class=\"elementor-widget-container\">\n\t\t\t\t\t<div class=\"jet-tricks-satellite jet-tricks-satellite--bottom-left\"><div class=\"jet-tricks-satellite__inner\"><div class=\"jet-tricks-satellite__image\"><img decoding=\"async\" class=\"jet-tricks-satellite__image-instance\" src=\"https:\/\/ld-wp73.template-help.com\/wordpress\/prod_29701\/v1\/wp-content\/uploads\/2020\/08\/Group-421-3.png\" alt=\"\"><\/div><\/div><\/div><div class=\"elementor-contact-form-7 jet-elements\">\n<div class=\"wpcf7 no-js\" id=\"wpcf7-f2406-o1\" lang=\"hr\" dir=\"ltr\" data-wpcf7-id=\"2406\">\n<div class=\"screen-reader-response\"><p role=\"status\" aria-live=\"polite\" aria-atomic=\"true\"><\/p> <ul><\/ul><\/div>\n<form action=\"\/hr\/wp-json\/wp\/v2\/pages\/2328#wpcf7-f2406-o1\" method=\"post\" class=\"wpcf7-form init\" aria-label=\"Kontakt obrazac\" novalidate=\"novalidate\" data-status=\"init\">\n<fieldset class=\"hidden-fields-container\"><input type=\"hidden\" name=\"_wpcf7\" value=\"2406\" \/><input type=\"hidden\" name=\"_wpcf7_version\" value=\"6.1.5\" \/><input type=\"hidden\" name=\"_wpcf7_locale\" value=\"hr\" \/><input type=\"hidden\" name=\"_wpcf7_unit_tag\" value=\"wpcf7-f2406-o1\" \/><input type=\"hidden\" name=\"_wpcf7_container_post\" value=\"0\" \/><input type=\"hidden\" name=\"_wpcf7_posted_data_hash\" value=\"\" \/>\n<\/fieldset>\n<style>\n.privacy{\nmargin-top: 0px;\nmargin-left: 14px;\n}\n.button{\n\n}\n<\/style>\n<div class=\"row\">\n\t<div class=\"col-md-6 col-sm-6 col-xs-12\">\n\t\t<p><span class=\"wpcf7-form-control-wrap\" data-name=\"your-name\"><input size=\"40\" maxlength=\"400\" class=\"wpcf7-form-control wpcf7-text wpcf7-validates-as-required\" aria-required=\"true\" aria-invalid=\"false\" placeholder=\"Va\u0161e puno ime\" value=\"\" type=\"text\" name=\"your-name\" \/><\/span>\n\t\t<\/p>\n\t<\/div>\n\t<div class=\"col-md-6 col-sm-6 col-xs-12\">\n\t\t<p><span class=\"wpcf7-form-control-wrap\" data-name=\"your-email\"><input size=\"40\" maxlength=\"400\" class=\"wpcf7-form-control wpcf7-tel wpcf7-validates-as-required wpcf7-text wpcf7-validates-as-tel\" aria-required=\"true\" aria-invalid=\"false\" placeholder=\"Va\u0161 kontakt broj\" value=\"\" type=\"tel\" name=\"your-email\" \/><\/span>\n\t\t<\/p>\n\t<\/div>\n\t<div class=\"col-md-12 col-sm-12 col-xs-12\">\n\t\t<p><span class=\"wpcf7-form-control-wrap\" data-name=\"your-message\"><textarea cols=\"40\" rows=\"10\" maxlength=\"2000\" class=\"wpcf7-form-control wpcf7-textarea\" aria-invalid=\"false\" placeholder=\"Javite nam se\" name=\"your-message\"><\/textarea><\/span>\n\t\t<\/p>\n\t<\/div>\n\t<div class=\"col-md-12 col-sm-12 col-xs-12\">\n\t\t<p><a href=\"#\"><b>Popunjavanjem ovog obrasca pristajete na na\u0161u politku privatnosti<\/b><\/a>\n\t\t<\/p>\n\t<\/div>\n\t<div class=\"col-md-12 col-sm-12 col-xs-12\" style=\"display: inline-block; text-align: center;\">\n\t\t<p><input class=\"wpcf7-form-control wpcf7-submit has-spinner\" type=\"submit\" value=\"Rezerviraj smje\u0161taj\" \/>\n\t\t<\/p>\n\t<\/div>\n<\/div><div class=\"wpcf7-response-output\" aria-hidden=\"true\"><\/div>\n<\/form>\n<\/div>\n<\/div>\t\t\t\t<\/div>\n\t\t\t\t<\/div>\n\t\t\t\t\t<\/div>\n\t\t<\/div>\n\t\t\t\t\t<\/div>\n\t\t<\/section>\n\t\t\t\t<\/div>\n\t\t","protected":false},"excerpt":{"rendered":"<p>Kontaktirajte nas Zatra\u017eite sada Ostavite svoje osobne podatke, telefon, odaberite \u017eeljenu uslugu i pogodno vrijeme. Ostavite zahtjev i provjerite e-po\u0161tu. Available dates8\/25\/20208\/26\/20208\/27\/20208\/28\/2020 Select time10:0012:0015:00 By filling in the form, you agree to our Privacy Policy, including our cookie use.<\/p>\n","protected":false},"author":1,"featured_media":0,"parent":0,"menu_order":0,"comment_status":"closed","ping_status":"closed","template":"elementor_header_footer","meta":{"footnotes":""},"class_list":["post-2328","page","type-page","status-publish","hentry"],"yoast_head":"<!-- This site is optimized with the Yoast SEO plugin v27.0 - https:\/\/yoast.com\/product\/yoast-seo-wordpress\/ -->\n<title>Kontaktirajte nas - MurMur Cottage<\/title>\n<meta name=\"robots\" content=\"index, follow, max-snippet:-1, max-image-preview:large, max-video-preview:-1\" \/>\n<link rel=\"canonical\" href=\"https:\/\/murmurcottage.hr\/hr\/kontaktirajte-nas\/\" \/>\n<meta property=\"og:locale\" content=\"hr_HR\" \/>\n<meta property=\"og:type\" content=\"article\" \/>\n<meta property=\"og:title\" content=\"Kontaktirajte nas - MurMur Cottage\" \/>\n<meta property=\"og:description\" content=\"Kontaktirajte nas Zatra\u017eite sada Ostavite svoje osobne podatke, telefon, odaberite \u017eeljenu uslugu i pogodno vrijeme. Ostavite zahtjev i provjerite e-po\u0161tu. Available dates8\/25\/20208\/26\/20208\/27\/20208\/28\/2020 Select time10:0012:0015:00 By filling in the form, you agree to our Privacy Policy, including our cookie use.\" \/>\n<meta property=\"og:url\" content=\"https:\/\/murmurcottage.hr\/hr\/kontaktirajte-nas\/\" \/>\n<meta property=\"og:site_name\" content=\"MurMur Cottage\" \/>\n<meta property=\"article:publisher\" content=\"https:\/\/www.facebook.com\/p\/Mur-mur-cottage-61553374445609\/\" \/>\n<meta property=\"article:modified_time\" content=\"2024-05-24T16:42:36+00:00\" \/>\n<meta property=\"og:image\" content=\"https:\/\/ld-wp73.template-help.com\/wordpress\/prod_29701\/v1\/wp-content\/uploads\/2020\/08\/Group-421-3.png\" \/>\n<meta name=\"twitter:card\" content=\"summary_large_image\" \/>\n<script type=\"application\/ld+json\" class=\"yoast-schema-graph\">{\"@context\":\"https:\/\/schema.org\",\"@graph\":[{\"@type\":\"WebPage\",\"@id\":\"https:\/\/murmurcottage.hr\/hr\/kontaktirajte-nas\/\",\"url\":\"https:\/\/murmurcottage.hr\/hr\/kontaktirajte-nas\/\",\"name\":\"Kontaktirajte nas - MurMur Cottage\",\"isPartOf\":{\"@id\":\"https:\/\/murmurcottage.hr\/hr\/#website\"},\"primaryImageOfPage\":{\"@id\":\"https:\/\/murmurcottage.hr\/hr\/kontaktirajte-nas\/#primaryimage\"},\"image\":{\"@id\":\"https:\/\/murmurcottage.hr\/hr\/kontaktirajte-nas\/#primaryimage\"},\"thumbnailUrl\":\"https:\/\/ld-wp73.template-help.com\/wordpress\/prod_29701\/v1\/wp-content\/uploads\/2020\/08\/Group-421-3.png\",\"datePublished\":\"2020-08-23T12:31:17+00:00\",\"dateModified\":\"2024-05-24T16:42:36+00:00\",\"breadcrumb\":{\"@id\":\"https:\/\/murmurcottage.hr\/hr\/kontaktirajte-nas\/#breadcrumb\"},\"inLanguage\":\"hr\",\"potentialAction\":[{\"@type\":\"ReadAction\",\"target\":[\"https:\/\/murmurcottage.hr\/hr\/kontaktirajte-nas\/\"]}]},{\"@type\":\"ImageObject\",\"inLanguage\":\"hr\",\"@id\":\"https:\/\/murmurcottage.hr\/hr\/kontaktirajte-nas\/#primaryimage\",\"url\":\"https:\/\/ld-wp73.template-help.com\/wordpress\/prod_29701\/v1\/wp-content\/uploads\/2020\/08\/Group-421-3.png\",\"contentUrl\":\"https:\/\/ld-wp73.template-help.com\/wordpress\/prod_29701\/v1\/wp-content\/uploads\/2020\/08\/Group-421-3.png\"},{\"@type\":\"BreadcrumbList\",\"@id\":\"https:\/\/murmurcottage.hr\/hr\/kontaktirajte-nas\/#breadcrumb\",\"itemListElement\":[{\"@type\":\"ListItem\",\"position\":1,\"name\":\"Home\",\"item\":\"https:\/\/murmurcottage.hr\/hr\/naslovnica\/\"},{\"@type\":\"ListItem\",\"position\":2,\"name\":\"Kontaktirajte nas\"}]},{\"@type\":\"WebSite\",\"@id\":\"https:\/\/murmurcottage.hr\/hr\/#website\",\"url\":\"https:\/\/murmurcottage.hr\/hr\/\",\"name\":\"MurMur Cottage - Vacation rental in Ogulin, Croatia\",\"description\":\"\",\"publisher\":{\"@id\":\"https:\/\/murmurcottage.hr\/hr\/#organization\"},\"potentialAction\":[{\"@type\":\"SearchAction\",\"target\":{\"@type\":\"EntryPoint\",\"urlTemplate\":\"https:\/\/murmurcottage.hr\/hr\/?s={search_term_string}\"},\"query-input\":{\"@type\":\"PropertyValueSpecification\",\"valueRequired\":true,\"valueName\":\"search_term_string\"}}],\"inLanguage\":\"hr\"},{\"@type\":\"Organization\",\"@id\":\"https:\/\/murmurcottage.hr\/hr\/#organization\",\"name\":\"MurMur Cottage\",\"url\":\"https:\/\/murmurcottage.hr\/hr\/\",\"logo\":{\"@type\":\"ImageObject\",\"inLanguage\":\"hr\",\"@id\":\"https:\/\/murmurcottage.hr\/hr\/#\/schema\/logo\/image\/\",\"url\":\"https:\/\/murmurcottage.hr\/wp-content\/uploads\/2024\/05\/cropped-logo-mur-mur.png\",\"contentUrl\":\"https:\/\/murmurcottage.hr\/wp-content\/uploads\/2024\/05\/cropped-logo-mur-mur.png\",\"width\":794,\"height\":292,\"caption\":\"MurMur Cottage\"},\"image\":{\"@id\":\"https:\/\/murmurcottage.hr\/hr\/#\/schema\/logo\/image\/\"},\"sameAs\":[\"https:\/\/www.facebook.com\/p\/Mur-mur-cottage-61553374445609\/\"]}]}<\/script>\n<!-- \/ Yoast SEO plugin. -->","yoast_head_json":{"title":"Kontaktirajte nas - MurMur Cottage","robots":{"index":"index","follow":"follow","max-snippet":"max-snippet:-1","max-image-preview":"max-image-preview:large","max-video-preview":"max-video-preview:-1"},"canonical":"https:\/\/murmurcottage.hr\/hr\/kontaktirajte-nas\/","og_locale":"hr_HR","og_type":"article","og_title":"Kontaktirajte nas - MurMur Cottage","og_description":"Kontaktirajte nas Zatra\u017eite sada Ostavite svoje osobne podatke, telefon, odaberite \u017eeljenu uslugu i pogodno vrijeme. Ostavite zahtjev i provjerite e-po\u0161tu. Available dates8\/25\/20208\/26\/20208\/27\/20208\/28\/2020 Select time10:0012:0015:00 By filling in the form, you agree to our Privacy Policy, including our cookie use.","og_url":"https:\/\/murmurcottage.hr\/hr\/kontaktirajte-nas\/","og_site_name":"MurMur Cottage","article_publisher":"https:\/\/www.facebook.com\/p\/Mur-mur-cottage-61553374445609\/","article_modified_time":"2024-05-24T16:42:36+00:00","og_image":[{"url":"https:\/\/ld-wp73.template-help.com\/wordpress\/prod_29701\/v1\/wp-content\/uploads\/2020\/08\/Group-421-3.png","type":"","width":"","height":""}],"twitter_card":"summary_large_image","schema":{"@context":"https:\/\/schema.org","@graph":[{"@type":"WebPage","@id":"https:\/\/murmurcottage.hr\/hr\/kontaktirajte-nas\/","url":"https:\/\/murmurcottage.hr\/hr\/kontaktirajte-nas\/","name":"Kontaktirajte nas - MurMur Cottage","isPartOf":{"@id":"https:\/\/murmurcottage.hr\/hr\/#website"},"primaryImageOfPage":{"@id":"https:\/\/murmurcottage.hr\/hr\/kontaktirajte-nas\/#primaryimage"},"image":{"@id":"https:\/\/murmurcottage.hr\/hr\/kontaktirajte-nas\/#primaryimage"},"thumbnailUrl":"https:\/\/ld-wp73.template-help.com\/wordpress\/prod_29701\/v1\/wp-content\/uploads\/2020\/08\/Group-421-3.png","datePublished":"2020-08-23T12:31:17+00:00","dateModified":"2024-05-24T16:42:36+00:00","breadcrumb":{"@id":"https:\/\/murmurcottage.hr\/hr\/kontaktirajte-nas\/#breadcrumb"},"inLanguage":"hr","potentialAction":[{"@type":"ReadAction","target":["https:\/\/murmurcottage.hr\/hr\/kontaktirajte-nas\/"]}]},{"@type":"ImageObject","inLanguage":"hr","@id":"https:\/\/murmurcottage.hr\/hr\/kontaktirajte-nas\/#primaryimage","url":"https:\/\/ld-wp73.template-help.com\/wordpress\/prod_29701\/v1\/wp-content\/uploads\/2020\/08\/Group-421-3.png","contentUrl":"https:\/\/ld-wp73.template-help.com\/wordpress\/prod_29701\/v1\/wp-content\/uploads\/2020\/08\/Group-421-3.png"},{"@type":"BreadcrumbList","@id":"https:\/\/murmurcottage.hr\/hr\/kontaktirajte-nas\/#breadcrumb","itemListElement":[{"@type":"ListItem","position":1,"name":"Home","item":"https:\/\/murmurcottage.hr\/hr\/naslovnica\/"},{"@type":"ListItem","position":2,"name":"Kontaktirajte nas"}]},{"@type":"WebSite","@id":"https:\/\/murmurcottage.hr\/hr\/#website","url":"https:\/\/murmurcottage.hr\/hr\/","name":"MurMur Cottage - Vacation rental in Ogulin, Croatia","description":"","publisher":{"@id":"https:\/\/murmurcottage.hr\/hr\/#organization"},"potentialAction":[{"@type":"SearchAction","target":{"@type":"EntryPoint","urlTemplate":"https:\/\/murmurcottage.hr\/hr\/?s={search_term_string}"},"query-input":{"@type":"PropertyValueSpecification","valueRequired":true,"valueName":"search_term_string"}}],"inLanguage":"hr"},{"@type":"Organization","@id":"https:\/\/murmurcottage.hr\/hr\/#organization","name":"MurMur Cottage","url":"https:\/\/murmurcottage.hr\/hr\/","logo":{"@type":"ImageObject","inLanguage":"hr","@id":"https:\/\/murmurcottage.hr\/hr\/#\/schema\/logo\/image\/","url":"https:\/\/murmurcottage.hr\/wp-content\/uploads\/2024\/05\/cropped-logo-mur-mur.png","contentUrl":"https:\/\/murmurcottage.hr\/wp-content\/uploads\/2024\/05\/cropped-logo-mur-mur.png","width":794,"height":292,"caption":"MurMur Cottage"},"image":{"@id":"https:\/\/murmurcottage.hr\/hr\/#\/schema\/logo\/image\/"},"sameAs":["https:\/\/www.facebook.com\/p\/Mur-mur-cottage-61553374445609\/"]}]}},"_links":{"self":[{"href":"https:\/\/murmurcottage.hr\/hr\/wp-json\/wp\/v2\/pages\/2328","targetHints":{"allow":["GET"]}}],"collection":[{"href":"https:\/\/murmurcottage.hr\/hr\/wp-json\/wp\/v2\/pages"}],"about":[{"href":"https:\/\/murmurcottage.hr\/hr\/wp-json\/wp\/v2\/types\/page"}],"author":[{"embeddable":true,"href":"https:\/\/murmurcottage.hr\/hr\/wp-json\/wp\/v2\/users\/1"}],"replies":[{"embeddable":true,"href":"https:\/\/murmurcottage.hr\/hr\/wp-json\/wp\/v2\/comments?post=2328"}],"version-history":[{"count":0,"href":"https:\/\/murmurcottage.hr\/hr\/wp-json\/wp\/v2\/pages\/2328\/revisions"}],"wp:attachment":[{"href":"https:\/\/murmurcottage.hr\/hr\/wp-json\/wp\/v2\/media?parent=2328"}],"curies":[{"name":"wp","href":"https:\/\/api.w.org\/{rel}","templated":true}]}}